{"id":1010,"date":"2018-04-27T09:31:18","date_gmt":"2018-04-27T06:31:18","guid":{"rendered":"https:\/\/terveelukeskus.ee\/?page_id=1010"},"modified":"2020-03-13T14:20:26","modified_gmt":"2020-03-13T12:20:26","slug":"privacy-policy","status":"publish","type":"page","link":"https:\/\/terveelukeskus.ee\/en\/privacy-policy\/","title":{"rendered":"Privacy Policy"},"content":{"rendered":"<p>Terve Elu Keskus is committed to protecting the privacy of its customers and users. Accordingly, we have prepared this privacy policy principles regarding the collection, use, disclosure, transfer and storage of customer data. Our activities on the Internet are in accordance with all relevant activities and relevant European Union legislation and the laws of the Republic of Estonia.<\/p>\n<h3>Collection and use of personal data<\/h3>\n<p>Personal data is data that Terve Elu Keskus collects to identify or contact an individual.<\/p>\n<p>Personal data may be collected with the client&#039;s consent in the following ways:<\/p>\n<ul>\n<li>when you provide contact information (including your name, mailing address, telephone number, email address) on our website or in the center<\/li>\n<li>when using the website from the customer&#039;s account information or through cookies<\/li>\n<li>when making a purchase or order on our website or in a center (the website may ask you to voluntarily provide personal data and personal information in certain areas of the website. The personal data requested may include name, address, postal code, email address and telephone number)<\/li>\n<\/ul>\n<p>We can use the collected personal data to inform customers about Terve Elu Keskus news, campaigns and upcoming events. Customers who do not wish to be on our newsletter list or receive notifications about what interests them can remove themselves from the target group of recipients at any time. We also use the collected personal data to provide services and fulfill our obligations to the customer.<\/p>\n<p>In order to better serve the customer, Terve Elu Keskus may disclose information about individual users to a third party that provides services to Terve Elu Keskus and is contractually obligated to keep the shared information confidential. Third parties include, for example, service providers under a lease agreement or volunteer customer service workers.<\/p>\n<h3>Personal data protection<\/h3>\n<p>Terve Elu Keskus takes all precautions (including administrative, technical and physical measures) to protect the client&#039;s personal data. Only authorized persons have access to modify and process the data.<\/p>\n<h3>Security<\/h3>\n<p>All personal data of the customer that becomes known during the visit to the Terve Elu Keskus and during the purchase process is treated as confidential information.<\/p>\n<h3>Privacy Policy Terms and Changes<\/h3>\n<p>By using our website, you have read and accepted these principles and terms. We reserve the right to change the general terms of the privacy policy if necessary, notifying all users.<\/p>\n<p>For any questions or concerns regarding our privacy policy or data processing, please contact us at info@terveelukeskus.ee<\/p>","protected":false},"excerpt":{"rendered":"<p>Terve Elu Keskus is committed to protecting the privacy of its customers and users. Accordingly, we have prepared this privacy policy, which covers the collection, use, disclosure, transfer and storage of customer data. Our activities on the Internet are in accordance with all relevant practices and relevant European\u2026<\/p>","protected":false},"author":16,"featured_media":1116,"parent":0,"menu_order":0,"comment_status":"closed","ping_status":"closed","template":"","meta":{"_acf_changed":false,"footnotes":""},"class_list":["post-1010","page","type-page","status-publish","has-post-thumbnail","hentry","entry","has-media"],"acf":[],"yoast_head":"<!-- This site is optimized with the Yoast SEO plugin v27.3 - https:\/\/yoast.com\/product\/yoast-seo-wordpress\/ -->\n<title>Privaatsustingimused - Terve Elu Keskus<\/title>\n<meta name=\"robots\" content=\"index, follow, max-snippet:-1, max-image-preview:large, max-video-preview:-1\" \/>\n<link rel=\"canonical\" href=\"https:\/\/terveelukeskus.ee\/en\/privacy-policy\/\" \/>\n<meta property=\"og:locale\" content=\"en_US\" \/>\n<meta property=\"og:type\" content=\"article\" \/>\n<meta property=\"og:title\" content=\"Privaatsustingimused - Terve Elu Keskus\" \/>\n<meta property=\"og:description\" content=\"Terve Elu Keskus on v\u00f5tnud endale kohustuse kaitsta klientide ja kasutajate privaatsust. Sellest l\u00e4htuvalt oleme koostanud k\u00e4esolevad privaatsuspoliitika p\u00f5him\u00f5tted, mis k\u00e4sitlevad kliendi andmete kogumist, kasutamist, avaldamist, edastamist ja talletamist. Meie tegevus internetis on koosk\u00f5las k\u00f5igi asjakohaste tegevuste ja vastavate Euroopa&hellip;\" \/>\n<meta property=\"og:url\" content=\"https:\/\/terveelukeskus.ee\/en\/privacy-policy\/\" \/>\n<meta property=\"og:site_name\" content=\"Terve Elu Keskus\" \/>\n<meta property=\"article:publisher\" content=\"https:\/\/www.facebook.com\/terveelukeskus\/\" \/>\n<meta property=\"article:modified_time\" content=\"2020-03-13T12:20:26+00:00\" \/>\n<meta property=\"og:image\" content=\"https:\/\/terveelukeskus.ee\/wp-content\/uploads\/2018\/05\/defaulttek.jpg\" \/>\n\t<meta property=\"og:image:width\" content=\"1600\" \/>\n\t<meta property=\"og:image:height\" content=\"1200\" \/>\n\t<meta property=\"og:image:type\" content=\"image\/jpeg\" \/>\n<meta name=\"twitter:card\" content=\"summary_large_image\" \/>\n<meta name=\"twitter:label1\" content=\"Est. reading time\" \/>\n\t<meta name=\"twitter:data1\" content=\"2 minutes\" \/>\n<script type=\"application\/ld+json\" class=\"yoast-schema-graph\">{\"@context\":\"https:\\\/\\\/schema.org\",\"@graph\":[{\"@type\":\"WebPage\",\"@id\":\"https:\\\/\\\/terveelukeskus.ee\\\/privaatsustingimused\\\/\",\"url\":\"https:\\\/\\\/terveelukeskus.ee\\\/privaatsustingimused\\\/\",\"name\":\"Privaatsustingimused - Terve Elu Keskus\",\"isPartOf\":{\"@id\":\"https:\\\/\\\/terveelukeskus.ee\\\/#website\"},\"primaryImageOfPage\":{\"@id\":\"https:\\\/\\\/terveelukeskus.ee\\\/privaatsustingimused\\\/#primaryimage\"},\"image\":{\"@id\":\"https:\\\/\\\/terveelukeskus.ee\\\/privaatsustingimused\\\/#primaryimage\"},\"thumbnailUrl\":\"https:\\\/\\\/terveelukeskus.ee\\\/wp-content\\\/uploads\\\/2018\\\/05\\\/defaulttek.jpg\",\"datePublished\":\"2018-04-27T06:31:18+00:00\",\"dateModified\":\"2020-03-13T12:20:26+00:00\",\"inLanguage\":\"en-US\",\"potentialAction\":[{\"@type\":\"ReadAction\",\"target\":[\"https:\\\/\\\/terveelukeskus.ee\\\/privaatsustingimused\\\/\"]}]},{\"@type\":\"ImageObject\",\"inLanguage\":\"en-US\",\"@id\":\"https:\\\/\\\/terveelukeskus.ee\\\/privaatsustingimused\\\/#primaryimage\",\"url\":\"https:\\\/\\\/terveelukeskus.ee\\\/wp-content\\\/uploads\\\/2018\\\/05\\\/defaulttek.jpg\",\"contentUrl\":\"https:\\\/\\\/terveelukeskus.ee\\\/wp-content\\\/uploads\\\/2018\\\/05\\\/defaulttek.jpg\",\"width\":1600,\"height\":1200},{\"@type\":\"WebSite\",\"@id\":\"https:\\\/\\\/terveelukeskus.ee\\\/#website\",\"url\":\"https:\\\/\\\/terveelukeskus.ee\\\/\",\"name\":\"Terve Elu Keskus\",\"description\":\"Terves kehas terve vaim!\",\"publisher\":{\"@id\":\"https:\\\/\\\/terveelukeskus.ee\\\/#organization\"},\"potentialAction\":[{\"@type\":\"SearchAction\",\"target\":{\"@type\":\"EntryPoint\",\"urlTemplate\":\"https:\\\/\\\/terveelukeskus.ee\\\/?s={search_term_string}\"},\"query-input\":{\"@type\":\"PropertyValueSpecification\",\"valueRequired\":true,\"valueName\":\"search_term_string\"}}],\"inLanguage\":\"en-US\"},{\"@type\":\"Organization\",\"@id\":\"https:\\\/\\\/terveelukeskus.ee\\\/#organization\",\"name\":\"Terve Elu Keskus\",\"url\":\"https:\\\/\\\/terveelukeskus.ee\\\/\",\"logo\":{\"@type\":\"ImageObject\",\"inLanguage\":\"en-US\",\"@id\":\"https:\\\/\\\/terveelukeskus.ee\\\/#\\\/schema\\\/logo\\\/image\\\/\",\"url\":\"https:\\\/\\\/terveelukeskus.ee\\\/wp-content\\\/uploads\\\/2019\\\/09\\\/TEK_logo_v\u00e4rviline.png\",\"contentUrl\":\"https:\\\/\\\/terveelukeskus.ee\\\/wp-content\\\/uploads\\\/2019\\\/09\\\/TEK_logo_v\u00e4rviline.png\",\"width\":3709,\"height\":864,\"caption\":\"Terve Elu Keskus\"},\"image\":{\"@id\":\"https:\\\/\\\/terveelukeskus.ee\\\/#\\\/schema\\\/logo\\\/image\\\/\"},\"sameAs\":[\"https:\\\/\\\/www.facebook.com\\\/terveelukeskus\\\/\"]}]}<\/script>\n<!-- \/ Yoast SEO plugin. -->","yoast_head_json":{"title":"Privacy Policy - Healthy Life Center","robots":{"index":"index","follow":"follow","max-snippet":"max-snippet:-1","max-image-preview":"max-image-preview:large","max-video-preview":"max-video-preview:-1"},"canonical":"https:\/\/terveelukeskus.ee\/en\/privacy-policy\/","og_locale":"en_US","og_type":"article","og_title":"Privaatsustingimused - Terve Elu Keskus","og_description":"Terve Elu Keskus on v\u00f5tnud endale kohustuse kaitsta klientide ja kasutajate privaatsust. Sellest l\u00e4htuvalt oleme koostanud k\u00e4esolevad privaatsuspoliitika p\u00f5him\u00f5tted, mis k\u00e4sitlevad kliendi andmete kogumist, kasutamist, avaldamist, edastamist ja talletamist. Meie tegevus internetis on koosk\u00f5las k\u00f5igi asjakohaste tegevuste ja vastavate Euroopa&hellip;","og_url":"https:\/\/terveelukeskus.ee\/en\/privacy-policy\/","og_site_name":"Terve Elu Keskus","article_publisher":"https:\/\/www.facebook.com\/terveelukeskus\/","article_modified_time":"2020-03-13T12:20:26+00:00","og_image":[{"width":1600,"height":1200,"url":"https:\/\/terveelukeskus.ee\/wp-content\/uploads\/2018\/05\/defaulttek.jpg","type":"image\/jpeg"}],"twitter_card":"summary_large_image","twitter_misc":{"Est. reading time":"2 minutes"},"schema":{"@context":"https:\/\/schema.org","@graph":[{"@type":"WebPage","@id":"https:\/\/terveelukeskus.ee\/privaatsustingimused\/","url":"https:\/\/terveelukeskus.ee\/privaatsustingimused\/","name":"Privacy Policy - Healthy Life Center","isPartOf":{"@id":"https:\/\/terveelukeskus.ee\/#website"},"primaryImageOfPage":{"@id":"https:\/\/terveelukeskus.ee\/privaatsustingimused\/#primaryimage"},"image":{"@id":"https:\/\/terveelukeskus.ee\/privaatsustingimused\/#primaryimage"},"thumbnailUrl":"https:\/\/terveelukeskus.ee\/wp-content\/uploads\/2018\/05\/defaulttek.jpg","datePublished":"2018-04-27T06:31:18+00:00","dateModified":"2020-03-13T12:20:26+00:00","inLanguage":"en-US","potentialAction":[{"@type":"ReadAction","target":["https:\/\/terveelukeskus.ee\/privaatsustingimused\/"]}]},{"@type":"ImageObject","inLanguage":"en-US","@id":"https:\/\/terveelukeskus.ee\/privaatsustingimused\/#primaryimage","url":"https:\/\/terveelukeskus.ee\/wp-content\/uploads\/2018\/05\/defaulttek.jpg","contentUrl":"https:\/\/terveelukeskus.ee\/wp-content\/uploads\/2018\/05\/defaulttek.jpg","width":1600,"height":1200},{"@type":"WebSite","@id":"https:\/\/terveelukeskus.ee\/#website","url":"https:\/\/terveelukeskus.ee\/","name":"Healthy Life Center","description":"A healthy mind in a healthy body!","publisher":{"@id":"https:\/\/terveelukeskus.ee\/#organization"},"potentialAction":[{"@type":"SearchAction","target":{"@type":"EntryPoint","urlTemplate":"https:\/\/terveelukeskus.ee\/?s={search_term_string}"},"query-input":{"@type":"PropertyValueSpecification","valueRequired":true,"valueName":"search_term_string"}}],"inLanguage":"en-US"},{"@type":"Organization","@id":"https:\/\/terveelukeskus.ee\/#organization","name":"Healthy Life Center","url":"https:\/\/terveelukeskus.ee\/","logo":{"@type":"ImageObject","inLanguage":"en-US","@id":"https:\/\/terveelukeskus.ee\/#\/schema\/logo\/image\/","url":"https:\/\/terveelukeskus.ee\/wp-content\/uploads\/2019\/09\/TEK_logo_v\u00e4rviline.png","contentUrl":"https:\/\/terveelukeskus.ee\/wp-content\/uploads\/2019\/09\/TEK_logo_v\u00e4rviline.png","width":3709,"height":864,"caption":"Terve Elu Keskus"},"image":{"@id":"https:\/\/terveelukeskus.ee\/#\/schema\/logo\/image\/"},"sameAs":["https:\/\/www.facebook.com\/terveelukeskus\/"]}]}},"_links":{"self":[{"href":"https:\/\/terveelukeskus.ee\/en\/wp-json\/wp\/v2\/pages\/1010","targetHints":{"allow":["GET"]}}],"collection":[{"href":"https:\/\/terveelukeskus.ee\/en\/wp-json\/wp\/v2\/pages"}],"about":[{"href":"https:\/\/terveelukeskus.ee\/en\/wp-json\/wp\/v2\/types\/page"}],"author":[{"embeddable":true,"href":"https:\/\/terveelukeskus.ee\/en\/wp-json\/wp\/v2\/users\/16"}],"replies":[{"embeddable":true,"href":"https:\/\/terveelukeskus.ee\/en\/wp-json\/wp\/v2\/comments?post=1010"}],"version-history":[{"count":5,"href":"https:\/\/terveelukeskus.ee\/en\/wp-json\/wp\/v2\/pages\/1010\/revisions"}],"predecessor-version":[{"id":1930,"href":"https:\/\/terveelukeskus.ee\/en\/wp-json\/wp\/v2\/pages\/1010\/revisions\/1930"}],"wp:featuredmedia":[{"embeddable":true,"href":"https:\/\/terveelukeskus.ee\/en\/wp-json\/wp\/v2\/media\/1116"}],"wp:attachment":[{"href":"https:\/\/terveelukeskus.ee\/en\/wp-json\/wp\/v2\/media?parent=1010"}],"curies":[{"name":"wp","href":"https:\/\/api.w.org\/{rel}","templated":true}]}}