{"id":4719,"date":"2025-06-04T11:42:17","date_gmt":"2025-06-04T08:42:17","guid":{"rendered":"https:\/\/terveelukeskus.ee\/?page_id=4719"},"modified":"2025-10-02T16:12:49","modified_gmt":"2025-10-02T13:12:49","slug":"about-us","status":"publish","type":"page","link":"https:\/\/terveelukeskus.ee\/en\/about-us\/","title":{"rendered":"About us"},"content":{"rendered":"<div class=\"vc_row wpb_row vc_row-fluid\"><div class=\"wpb_column vc_column_container vc_col-sm-12\"><div class=\"vc_column-inner\"><div class=\"wpb_wrapper\">\n\t<div class=\"wpb_text_column wpb_content_element\" >\n\t\t<div class=\"wpb_wrapper\">\n\t\t\t<p class=\"ng-star-inserted\"><span class=\"ng-star-inserted\">Our team at Terve Elu Keskus is passionate about human integrity. We deeply believe that mental and physical well-being are closely connected and need to be consciously maintained.<\/span><\/p>\n<p class=\"ng-star-inserted\"><span class=\"ng-star-inserted\">We know firsthand how easy it is to forget about your health in the hustle and bustle of everyday life. Urgent work tasks and taking care of your family often seem more urgent than a quiet moment for yourself.<\/span><\/p>\n<p class=\"ng-star-inserted\"><span class=\"ng-star-inserted\">That&#039;s why we&#039;ve created a place where you can stop for a moment and think about your choices. We believe that it&#039;s these small, silent decisions - whether I rest or press on, whether I pick up my phone or spend time outdoors - that ultimately shape who we are and where we end up in life. <\/span><span class=\"ng-star-inserted\">We are here to provide you with science-based knowledge, inspiration, and support so you can make the best choices for your mental and physical health.<\/span><\/p>\n<p><strong>Contact us at tere@terveeluskeskus.ee or click on the person&#039;s name and write to them directly.<\/strong><\/p>\n\n\t\t<\/div>\n\t<\/div>\n<div class=\"vc_separator wpb_content_element vc_separator_align_center vc_sep_width_100 vc_sep_border_width_2 vc_sep_pos_align_center vc_sep_color_peacoc vc_custom_1759410606892 vc_separator-has-text\" ><span class=\"vc_sep_holder vc_sep_holder_l\"><span  class=\"vc_sep_line\"><\/span><\/span><h4>Our team<\/h4><span class=\"vc_sep_holder vc_sep_holder_r\"><span  class=\"vc_sep_line\"><\/span><\/span>\n<\/div><div class=\"vcex-module vcex-staff-grid-wrap clr\"><div class=\"wpex-row vcex-staff-grid entries wpex-clr match-height-grid\"><div class=\"staff-entry vcex-grid-item span_1_of_4 span_1_of_2_pl span_1_of_2_pp col col-1 has-readmore post-4869 entry type-staff has-media cat-120\"><div class=\"staff-entry-inner entry-inner clr\"><div class=\"staff-entry-media entry-media wpex-clr image-filter-grayscale\"><a href=\"https:\/\/terveelukeskus.ee\/en\/producers\/angelica\/\" title=\"Angelika Command\" class=\"staff-entry-media-link\"><img loading=\"lazy\" decoding=\"async\" src=\"https:\/\/terveelukeskus.ee\/wp-content\/uploads\/2025\/10\/angelika-center-top-500x500.jpg\" alt='' data-no-retina width=\"500\" height=\"500\" \/><\/a><\/div><div class=\"staff-entry-details entry-details wpex-clr\"><div class=\"match-height-content\"><h2 class=\"staff-entry-title entry-title\"><a href=\"https:\/\/terveelukeskus.ee\/en\/producers\/angelica\/\">Angelika Command<\/a><\/h2><div class=\"staff-entry-excerpt entry-excerpt wpex-clr\"><p>Angelika has worked as a teacher for many years, which has given her a strong\u2026<\/p><\/div><div class=\"staff-entry-readmore-wrap entry-readmore-wrap clr\"><a href=\"https:\/\/terveelukeskus.ee\/en\/producers\/angelica\/\" class=\"theme-button\" style=\"border-radius:5px;\">Take a closer look<\/a><\/div><\/div><\/div><\/div><\/div><div class=\"staff-entry vcex-grid-item span_1_of_4 span_1_of_2_pl span_1_of_2_pp col col-2 has-readmore post-4850 entry type-staff has-media cat-120\"><div class=\"staff-entry-inner entry-inner clr\"><div class=\"staff-entry-media entry-media wpex-clr image-filter-grayscale\"><a href=\"https:\/\/terveelukeskus.ee\/en\/producers\/marta-liina\/\" title=\"Marta-Liina Kanter\" class=\"staff-entry-media-link\"><img loading=\"lazy\" decoding=\"async\" src=\"https:\/\/terveelukeskus.ee\/wp-content\/uploads\/2025\/10\/pilt-center-top-500x500.jpeg\" alt='' data-no-retina width=\"500\" height=\"500\" \/><\/a><\/div><div class=\"staff-entry-details entry-details wpex-clr\"><div class=\"match-height-content\"><h2 class=\"staff-entry-title entry-title\"><a href=\"https:\/\/terveelukeskus.ee\/en\/producers\/marta-liina\/\">Marta-Liina Kanter<\/a><\/h2><div class=\"staff-entry-excerpt entry-excerpt wpex-clr\"><p>Marta-Liina on \u00f5ppinud Tartu \u00dclikoolis sotsiaalt\u00f6\u00f6d ning t\u00f6\u00f6tanud Tartu Linnavalitsuse&hellip;<\/p><\/div><div class=\"staff-entry-readmore-wrap entry-readmore-wrap clr\"><a href=\"https:\/\/terveelukeskus.ee\/en\/producers\/marta-liina\/\" class=\"theme-button\" style=\"border-radius:5px;\">Take a closer look<\/a><\/div><\/div><\/div><\/div><\/div><div class=\"staff-entry vcex-grid-item span_1_of_4 span_1_of_2_pl span_1_of_2_pp col col-3 has-readmore post-4712 entry type-staff has-media cat-3 cat-206\"><div class=\"staff-entry-inner entry-inner clr\"><div class=\"staff-entry-media entry-media wpex-clr image-filter-grayscale\"><a href=\"https:\/\/terveelukeskus.ee\/en\/producers\/andres-plum-tree\/\" title=\"Andres Ploompuu\" class=\"staff-entry-media-link\"><img loading=\"lazy\" decoding=\"async\" src=\"https:\/\/terveelukeskus.ee\/wp-content\/uploads\/2025\/06\/Seitsmenda-Paeva-Adventistide-Kogudus-Elina-marts-2025-14-1-1-center-top-500x500.jpg\" alt='' data-no-retina width=\"500\" height=\"500\" \/><\/a><\/div><div class=\"staff-entry-details entry-details wpex-clr\"><div class=\"match-height-content\"><h2 class=\"staff-entry-title entry-title\"><a href=\"https:\/\/terveelukeskus.ee\/en\/producers\/andres-plum-tree\/\">Andres Ploompuu<\/a><\/h2><div class=\"staff-entry-excerpt entry-excerpt wpex-clr\"><p>Andres is an ordained pastor with years of experience. He currently works\u2026<\/p><\/div><div class=\"staff-entry-readmore-wrap entry-readmore-wrap clr\"><a href=\"https:\/\/terveelukeskus.ee\/en\/producers\/andres-plum-tree\/\" class=\"theme-button\" style=\"border-radius:5px;\">Take a closer look<\/a><\/div><\/div><\/div><\/div><\/div><div class=\"staff-entry vcex-grid-item span_1_of_4 span_1_of_2_pl span_1_of_2_pp col col-4 has-readmore post-4689 entry type-staff has-media cat-3 cat-56 cat-207\"><div class=\"staff-entry-inner entry-inner clr\"><div class=\"staff-entry-media entry-media wpex-clr image-filter-grayscale\"><a href=\"https:\/\/terveelukeskus.ee\/en\/producers\/svitlana-samoylenko\/\" title=\"Svitlana Samoylenko\" class=\"staff-entry-media-link\"><img loading=\"lazy\" decoding=\"async\" src=\"https:\/\/terveelukeskus.ee\/wp-content\/uploads\/2025\/06\/Seitsmenda-Paeva-Adventistide-Kogudus-Elina-marts-2025-44-1-center-top-500x500.jpg\" alt='' data-no-retina width=\"500\" height=\"500\" \/><\/a><\/div><div class=\"staff-entry-details entry-details wpex-clr\"><div class=\"match-height-content\"><h2 class=\"staff-entry-title entry-title\"><a href=\"https:\/\/terveelukeskus.ee\/en\/producers\/svitlana-samoylenko\/\">Svitlana Samoylenko<\/a><\/h2><div class=\"staff-entry-excerpt entry-excerpt wpex-clr\"><p>Svitlana is a trauma-informed certified coach who can support you in life\u2026<\/p><\/div><div class=\"staff-entry-readmore-wrap entry-readmore-wrap clr\"><a href=\"https:\/\/terveelukeskus.ee\/en\/producers\/svitlana-samoylenko\/\" class=\"theme-button\" style=\"border-radius:5px;\">Take a closer look<\/a><\/div><\/div><\/div><\/div><\/div><div class=\"staff-entry vcex-grid-item span_1_of_4 span_1_of_2_pl span_1_of_2_pp col col-1 has-readmore post-4693 entry type-staff has-media cat-3 cat-205\"><div class=\"staff-entry-inner entry-inner clr\"><div class=\"staff-entry-media entry-media wpex-clr image-filter-grayscale\"><a href=\"https:\/\/terveelukeskus.ee\/en\/producers\/liina-corgend\/\" title=\"Liina K\u00fcrgend\" class=\"staff-entry-media-link\"><img loading=\"lazy\" decoding=\"async\" src=\"https:\/\/terveelukeskus.ee\/wp-content\/uploads\/2025\/06\/Liina_-TEK-1-center-top-500x500.jpg\" alt='' data-no-retina width=\"500\" height=\"500\" \/><\/a><\/div><div class=\"staff-entry-details entry-details wpex-clr\"><div class=\"match-height-content\"><h2 class=\"staff-entry-title entry-title\"><a href=\"https:\/\/terveelukeskus.ee\/en\/producers\/liina-corgend\/\">Liina K\u00fcrgend<\/a><\/h2><div class=\"staff-entry-excerpt entry-excerpt wpex-clr\"><p>Liina is a family nurse with over 20 years of experience in various\u2026<\/p><\/div><div class=\"staff-entry-readmore-wrap entry-readmore-wrap clr\"><a href=\"https:\/\/terveelukeskus.ee\/en\/producers\/liina-corgend\/\" class=\"theme-button\" style=\"border-radius:5px;\">Take a closer look<\/a><\/div><\/div><\/div><\/div><\/div><div class=\"staff-entry vcex-grid-item span_1_of_4 span_1_of_2_pl span_1_of_2_pp col col-2 has-readmore post-4230 entry type-staff has-media cat-120\"><div class=\"staff-entry-inner entry-inner clr\"><div class=\"staff-entry-media entry-media wpex-clr image-filter-grayscale\"><a href=\"https:\/\/terveelukeskus.ee\/en\/producers\/village\/\" title=\"Vallo P\u00f5ldaru\" class=\"staff-entry-media-link\"><img loading=\"lazy\" decoding=\"async\" src=\"https:\/\/terveelukeskus.ee\/wp-content\/uploads\/2023\/04\/v-center-top-500x500.jpg\" alt='' data-no-retina width=\"500\" height=\"500\" \/><\/a><\/div><div class=\"staff-entry-details entry-details wpex-clr\"><div class=\"match-height-content\"><h2 class=\"staff-entry-title entry-title\"><a href=\"https:\/\/terveelukeskus.ee\/en\/producers\/village\/\">Vallo P\u00f5ldaru<\/a><\/h2><div class=\"staff-entry-excerpt entry-excerpt wpex-clr\"><p>Vallo has completed his studies at the Higher Theological Seminary in theology and\u2026<\/p><\/div><div class=\"staff-entry-readmore-wrap entry-readmore-wrap clr\"><a href=\"https:\/\/terveelukeskus.ee\/en\/producers\/village\/\" class=\"theme-button\" style=\"border-radius:5px;\">Take a closer look<\/a><\/div><\/div><\/div><\/div><\/div><div class=\"staff-entry vcex-grid-item span_1_of_4 span_1_of_2_pl span_1_of_2_pp col col-3 has-readmore post-115 entry type-staff has-media cat-3 cat-13 cat-56\"><div class=\"staff-entry-inner entry-inner clr\"><div class=\"staff-entry-media entry-media wpex-clr image-filter-grayscale\"><a href=\"https:\/\/terveelukeskus.ee\/en\/producers\/marge-randelpp\/\" title=\"Marge Randlepp\" class=\"staff-entry-media-link\"><img loading=\"lazy\" decoding=\"async\" src=\"https:\/\/terveelukeskus.ee\/wp-content\/uploads\/2017\/02\/Seitsmenda-Paeva-Adventistide-Kogudus-Elina-marts-2025-36-1-center-top-500x500.jpg\" alt='' data-no-retina width=\"500\" height=\"500\" \/><\/a><\/div><div class=\"staff-entry-details entry-details wpex-clr\"><div class=\"match-height-content\"><h2 class=\"staff-entry-title entry-title\"><a href=\"https:\/\/terveelukeskus.ee\/en\/producers\/marge-randelpp\/\">Marge Randlepp<\/a><\/h2><div class=\"staff-entry-excerpt entry-excerpt wpex-clr\"><p>Marge has completed her master&#039;s degree in religion at Andrews University. She has also taken\u2026<\/p><\/div><div class=\"staff-entry-readmore-wrap entry-readmore-wrap clr\"><a href=\"https:\/\/terveelukeskus.ee\/en\/producers\/marge-randelpp\/\" class=\"theme-button\" style=\"border-radius:5px;\">Take a closer look<\/a><\/div><\/div><\/div><\/div><\/div><\/div><\/div><div class=\"vc_empty_space\"   style=\"height: 30px\"><span class=\"vc_empty_space_inner\"><\/span><\/div><\/div><\/div><\/div><\/div><div class=\"vc_row wpb_row vc_row-fluid shadow wpex-has-overlay\"><div class=\"wpb_column vc_column_container vc_col-sm-12\"><div class=\"vc_column-inner\"><div class=\"wpb_wrapper\">\n\t<div class=\"wpb_text_column wpb_content_element  vc_custom_1759410392722\" >\n\t\t<div class=\"wpb_wrapper\">\n\t\t\t<p>Offered by the Healthy Life Center <strong>services are free<\/strong>The center&#039;s activities are based on voluntary contributions and our founder is the Estonian Union of Seventh-day Adventist Churches.<\/p>\n\n\t\t<\/div>\n\t<\/div>\n<div class=\"vcex-multi-buttons vcex-clr\" style=\"text-align:left;border-radius:5px;\"><a href=\"https:\/\/toeta.advent.ee\/?projekt=102393#\" class=\"theme-button flat teal vcex-count-1\">Support<\/a><a href=\"https:\/\/terveelukeskus.ee\/en\/who\/\" class=\"theme-button flat teal vcex-count-2\">Why do we do this?<\/a><\/div><\/div><\/div><\/div><div class=\"wpex-bg-overlay-wrap\"> <span class=\"wpex-bg-overlay color\" style=\"background-color:#ffffff;\" data-style=\"background-color:#ffffff;\"><\/span><\/div><\/div>","protected":false},"excerpt":{"rendered":"Teenused Hingehoid T\u00f6\u00f6keeled\u00a0Eesti \u00a0Inglise \u00a0Vene Kontakt marge.randlepp@terveelukeskus.ee Margel on l\u00f5petatud magistri\u00f5pinguid Andrewsi \u00dclikoolis religiooni alal. Lisaks v\u00f5etud aineid laste- ja noortet\u00f6\u00f6 alal. Omab peret\u00f6\u00f6 juhi sertifikaati, mis t\u00e4hendab, et tal on hea \u00fclevaade sellistest teemadest nagu pere eesm\u00e4rgid, kommunikatsioon, konfliktide&hellip;","protected":false},"author":16,"featured_media":1116,"parent":0,"menu_order":0,"comment_status":"closed","ping_status":"closed","template":"","meta":{"_acf_changed":false,"footnotes":""},"class_list":["post-4719","page","type-page","status-publish","has-post-thumbnail","hentry","entry","has-media"],"acf":[],"yoast_head":"<!-- This site is optimized with the Yoast SEO plugin v27.3 - https:\/\/yoast.com\/product\/yoast-seo-wordpress\/ -->\n<title>Meist - Terve Elu Keskus<\/title>\n<meta name=\"robots\" content=\"index, follow, max-snippet:-1, max-image-preview:large, max-video-preview:-1\" \/>\n<link rel=\"canonical\" href=\"https:\/\/terveelukeskus.ee\/en\/about-us\/\" \/>\n<meta property=\"og:locale\" content=\"en_US\" \/>\n<meta property=\"og:type\" content=\"article\" \/>\n<meta property=\"og:title\" content=\"Meist - Terve Elu Keskus\" \/>\n<meta property=\"og:url\" content=\"https:\/\/terveelukeskus.ee\/en\/about-us\/\" \/>\n<meta property=\"og:site_name\" content=\"Terve Elu Keskus\" \/>\n<meta property=\"article:publisher\" content=\"https:\/\/www.facebook.com\/terveelukeskus\/\" \/>\n<meta property=\"article:modified_time\" content=\"2025-10-02T13:12:49+00:00\" \/>\n<meta property=\"og:image\" content=\"https:\/\/terveelukeskus.ee\/wp-content\/uploads\/2018\/05\/defaulttek.jpg\" \/>\n\t<meta property=\"og:image:width\" content=\"1600\" \/>\n\t<meta property=\"og:image:height\" content=\"1200\" \/>\n\t<meta property=\"og:image:type\" content=\"image\/jpeg\" \/>\n<meta name=\"twitter:card\" content=\"summary_large_image\" \/>\n<meta name=\"twitter:label1\" content=\"Est. reading time\" \/>\n\t<meta name=\"twitter:data1\" content=\"1 minute\" \/>\n<script type=\"application\/ld+json\" class=\"yoast-schema-graph\">{\"@context\":\"https:\\\/\\\/schema.org\",\"@graph\":[{\"@type\":\"WebPage\",\"@id\":\"https:\\\/\\\/terveelukeskus.ee\\\/meist\\\/\",\"url\":\"https:\\\/\\\/terveelukeskus.ee\\\/meist\\\/\",\"name\":\"Meist - Terve Elu Keskus\",\"isPartOf\":{\"@id\":\"https:\\\/\\\/terveelukeskus.ee\\\/#website\"},\"primaryImageOfPage\":{\"@id\":\"https:\\\/\\\/terveelukeskus.ee\\\/meist\\\/#primaryimage\"},\"image\":{\"@id\":\"https:\\\/\\\/terveelukeskus.ee\\\/meist\\\/#primaryimage\"},\"thumbnailUrl\":\"https:\\\/\\\/terveelukeskus.ee\\\/wp-content\\\/uploads\\\/2018\\\/05\\\/defaulttek.jpg\",\"datePublished\":\"2025-06-04T08:42:17+00:00\",\"dateModified\":\"2025-10-02T13:12:49+00:00\",\"inLanguage\":\"en-US\",\"potentialAction\":[{\"@type\":\"ReadAction\",\"target\":[\"https:\\\/\\\/terveelukeskus.ee\\\/meist\\\/\"]}]},{\"@type\":\"ImageObject\",\"inLanguage\":\"en-US\",\"@id\":\"https:\\\/\\\/terveelukeskus.ee\\\/meist\\\/#primaryimage\",\"url\":\"https:\\\/\\\/terveelukeskus.ee\\\/wp-content\\\/uploads\\\/2018\\\/05\\\/defaulttek.jpg\",\"contentUrl\":\"https:\\\/\\\/terveelukeskus.ee\\\/wp-content\\\/uploads\\\/2018\\\/05\\\/defaulttek.jpg\",\"width\":1600,\"height\":1200},{\"@type\":\"WebSite\",\"@id\":\"https:\\\/\\\/terveelukeskus.ee\\\/#website\",\"url\":\"https:\\\/\\\/terveelukeskus.ee\\\/\",\"name\":\"Terve Elu Keskus\",\"description\":\"Terves kehas terve vaim!\",\"publisher\":{\"@id\":\"https:\\\/\\\/terveelukeskus.ee\\\/#organization\"},\"potentialAction\":[{\"@type\":\"SearchAction\",\"target\":{\"@type\":\"EntryPoint\",\"urlTemplate\":\"https:\\\/\\\/terveelukeskus.ee\\\/?s={search_term_string}\"},\"query-input\":{\"@type\":\"PropertyValueSpecification\",\"valueRequired\":true,\"valueName\":\"search_term_string\"}}],\"inLanguage\":\"en-US\"},{\"@type\":\"Organization\",\"@id\":\"https:\\\/\\\/terveelukeskus.ee\\\/#organization\",\"name\":\"Terve Elu Keskus\",\"url\":\"https:\\\/\\\/terveelukeskus.ee\\\/\",\"logo\":{\"@type\":\"ImageObject\",\"inLanguage\":\"en-US\",\"@id\":\"https:\\\/\\\/terveelukeskus.ee\\\/#\\\/schema\\\/logo\\\/image\\\/\",\"url\":\"https:\\\/\\\/terveelukeskus.ee\\\/wp-content\\\/uploads\\\/2019\\\/09\\\/TEK_logo_v\u00e4rviline.png\",\"contentUrl\":\"https:\\\/\\\/terveelukeskus.ee\\\/wp-content\\\/uploads\\\/2019\\\/09\\\/TEK_logo_v\u00e4rviline.png\",\"width\":3709,\"height\":864,\"caption\":\"Terve Elu Keskus\"},\"image\":{\"@id\":\"https:\\\/\\\/terveelukeskus.ee\\\/#\\\/schema\\\/logo\\\/image\\\/\"},\"sameAs\":[\"https:\\\/\\\/www.facebook.com\\\/terveelukeskus\\\/\"]}]}<\/script>\n<!-- \/ Yoast SEO plugin. -->","yoast_head_json":{"title":"About us - Healthy Living Center","robots":{"index":"index","follow":"follow","max-snippet":"max-snippet:-1","max-image-preview":"max-image-preview:large","max-video-preview":"max-video-preview:-1"},"canonical":"https:\/\/terveelukeskus.ee\/en\/about-us\/","og_locale":"en_US","og_type":"article","og_title":"Meist - Terve Elu Keskus","og_url":"https:\/\/terveelukeskus.ee\/en\/about-us\/","og_site_name":"Terve Elu Keskus","article_publisher":"https:\/\/www.facebook.com\/terveelukeskus\/","article_modified_time":"2025-10-02T13:12:49+00:00","og_image":[{"width":1600,"height":1200,"url":"https:\/\/terveelukeskus.ee\/wp-content\/uploads\/2018\/05\/defaulttek.jpg","type":"image\/jpeg"}],"twitter_card":"summary_large_image","twitter_misc":{"Est. reading time":"1 minute"},"schema":{"@context":"https:\/\/schema.org","@graph":[{"@type":"WebPage","@id":"https:\/\/terveelukeskus.ee\/meist\/","url":"https:\/\/terveelukeskus.ee\/meist\/","name":"About us - Healthy Living Center","isPartOf":{"@id":"https:\/\/terveelukeskus.ee\/#website"},"primaryImageOfPage":{"@id":"https:\/\/terveelukeskus.ee\/meist\/#primaryimage"},"image":{"@id":"https:\/\/terveelukeskus.ee\/meist\/#primaryimage"},"thumbnailUrl":"https:\/\/terveelukeskus.ee\/wp-content\/uploads\/2018\/05\/defaulttek.jpg","datePublished":"2025-06-04T08:42:17+00:00","dateModified":"2025-10-02T13:12:49+00:00","inLanguage":"en-US","potentialAction":[{"@type":"ReadAction","target":["https:\/\/terveelukeskus.ee\/meist\/"]}]},{"@type":"ImageObject","inLanguage":"en-US","@id":"https:\/\/terveelukeskus.ee\/meist\/#primaryimage","url":"https:\/\/terveelukeskus.ee\/wp-content\/uploads\/2018\/05\/defaulttek.jpg","contentUrl":"https:\/\/terveelukeskus.ee\/wp-content\/uploads\/2018\/05\/defaulttek.jpg","width":1600,"height":1200},{"@type":"WebSite","@id":"https:\/\/terveelukeskus.ee\/#website","url":"https:\/\/terveelukeskus.ee\/","name":"Healthy Life Center","description":"A healthy mind in a healthy body!","publisher":{"@id":"https:\/\/terveelukeskus.ee\/#organization"},"potentialAction":[{"@type":"SearchAction","target":{"@type":"EntryPoint","urlTemplate":"https:\/\/terveelukeskus.ee\/?s={search_term_string}"},"query-input":{"@type":"PropertyValueSpecification","valueRequired":true,"valueName":"search_term_string"}}],"inLanguage":"en-US"},{"@type":"Organization","@id":"https:\/\/terveelukeskus.ee\/#organization","name":"Healthy Life Center","url":"https:\/\/terveelukeskus.ee\/","logo":{"@type":"ImageObject","inLanguage":"en-US","@id":"https:\/\/terveelukeskus.ee\/#\/schema\/logo\/image\/","url":"https:\/\/terveelukeskus.ee\/wp-content\/uploads\/2019\/09\/TEK_logo_v\u00e4rviline.png","contentUrl":"https:\/\/terveelukeskus.ee\/wp-content\/uploads\/2019\/09\/TEK_logo_v\u00e4rviline.png","width":3709,"height":864,"caption":"Terve Elu Keskus"},"image":{"@id":"https:\/\/terveelukeskus.ee\/#\/schema\/logo\/image\/"},"sameAs":["https:\/\/www.facebook.com\/terveelukeskus\/"]}]}},"_links":{"self":[{"href":"https:\/\/terveelukeskus.ee\/en\/wp-json\/wp\/v2\/pages\/4719","targetHints":{"allow":["GET"]}}],"collection":[{"href":"https:\/\/terveelukeskus.ee\/en\/wp-json\/wp\/v2\/pages"}],"about":[{"href":"https:\/\/terveelukeskus.ee\/en\/wp-json\/wp\/v2\/types\/page"}],"author":[{"embeddable":true,"href":"https:\/\/terveelukeskus.ee\/en\/wp-json\/wp\/v2\/users\/16"}],"replies":[{"embeddable":true,"href":"https:\/\/terveelukeskus.ee\/en\/wp-json\/wp\/v2\/comments?post=4719"}],"version-history":[{"count":5,"href":"https:\/\/terveelukeskus.ee\/en\/wp-json\/wp\/v2\/pages\/4719\/revisions"}],"predecessor-version":[{"id":4898,"href":"https:\/\/terveelukeskus.ee\/en\/wp-json\/wp\/v2\/pages\/4719\/revisions\/4898"}],"wp:featuredmedia":[{"embeddable":true,"href":"https:\/\/terveelukeskus.ee\/en\/wp-json\/wp\/v2\/media\/1116"}],"wp:attachment":[{"href":"https:\/\/terveelukeskus.ee\/en\/wp-json\/wp\/v2\/media?parent=4719"}],"curies":[{"name":"wp","href":"https:\/\/api.w.org\/{rel}","templated":true}]}}