{"id":447,"date":"2017-03-31T08:39:08","date_gmt":"2017-03-31T05:39:08","guid":{"rendered":"https:\/\/terveelukeskus.ee\/?page_id=447"},"modified":"2018-04-26T11:34:34","modified_gmt":"2018-04-26T08:34:34","slug":"musu-merki","status":"publish","type":"page","link":"https:\/\/terveelukeskus.ee\/lv\/musu-merki\/","title":{"rendered":"M\u016bsu m\u0113r\u0137i"},"content":{"rendered":"<p>Vesel\u012bgas dz\u012bves centrs ir izveidots, lai atbalst\u012btu un pal\u012bdz\u0113tu jums:<\/p>\n<ul>\n<li>Attiec\u012bbas ar citiem cilv\u0113kiem, tostarp \u0123imenes attiec\u012bbas, sag\u0101d\u0101s jums prieku. Tas prasa sapratni, r\u016bpes un p\u016bles cilv\u0113cisk\u0101s attiec\u012bb\u0101s.<\/li>\n<li>Tavas attiec\u012bbas ar sevi b\u016btu t\u0101das pa\u0161as k\u0101 ar labu draugu, un tu sevi v\u0113rt\u0113tu k\u0101 person\u012bbu k\u0101 neviens cits;<\/li>\n<li>J\u016bs uztur\u0113tu savu fizisko vesel\u012bbu un b\u016btu akt\u012bvs, lai gan s\u0101kum\u0101 tas var\u0113tu \u0161\u0137ist gr\u016bti.;<\/li>\n<li>Tavai dz\u012bvei b\u016btu dzi\u013c\u0101ka j\u0113ga, k\u0101p\u0113c pielikt visas \u0161\u012bs p\u016bles un nepadoties.;<\/li>\n<li>J\u016bs atrastu vesel\u012bgu dz\u012bvesveidu un v\u0113rt\u012bbas, kas jums ir svar\u012bgas.<\/li>\n<\/ul>","protected":false},"excerpt":{"rendered":"<p>Terve Elu keskus on loodud Sind toetama ja abistama, et: Su suhted teiste inimestega, muu hulgas peresuhted, pakuksid sulle r\u00f5\u00f5mu. See n\u00f5uab inimestevahelisest seotusest arusaamist, hoolimist ja pingutust.; Su suhe iseendaga oleks samasugune nagu hea s\u00f5braga ja et Sa v\u00e4\u00e4rtustaksid&hellip;<\/p>","protected":false},"author":16,"featured_media":1116,"parent":0,"menu_order":0,"comment_status":"closed","ping_status":"closed","template":"","meta":{"_acf_changed":false,"footnotes":""},"class_list":["post-447","page","type-page","status-publish","has-post-thumbnail","hentry","entry","has-media"],"acf":[],"yoast_head":"<!-- This site is optimized with the Yoast SEO plugin v27.3 - https:\/\/yoast.com\/product\/yoast-seo-wordpress\/ -->\n<title>Meie eesm\u00e4rgid - Terve Elu Keskus<\/title>\n<meta name=\"robots\" content=\"index, follow, max-snippet:-1, max-image-preview:large, max-video-preview:-1\" \/>\n<link rel=\"canonical\" href=\"https:\/\/terveelukeskus.ee\/lv\/musu-merki\/\" \/>\n<meta property=\"og:locale\" content=\"lv_LV\" \/>\n<meta property=\"og:type\" content=\"article\" \/>\n<meta property=\"og:title\" content=\"Meie eesm\u00e4rgid - Terve Elu Keskus\" \/>\n<meta property=\"og:description\" content=\"Terve Elu keskus on loodud Sind toetama ja abistama, et: Su suhted teiste inimestega, muu hulgas peresuhted, pakuksid sulle r\u00f5\u00f5mu. See n\u00f5uab inimestevahelisest seotusest arusaamist, hoolimist ja pingutust.; Su suhe iseendaga oleks samasugune nagu hea s\u00f5braga ja et Sa v\u00e4\u00e4rtustaksid&hellip;\" \/>\n<meta property=\"og:url\" content=\"https:\/\/terveelukeskus.ee\/lv\/musu-merki\/\" \/>\n<meta property=\"og:site_name\" content=\"Terve Elu Keskus\" \/>\n<meta property=\"article:publisher\" content=\"https:\/\/www.facebook.com\/terveelukeskus\/\" \/>\n<meta property=\"article:modified_time\" content=\"2018-04-26T08:34:34+00:00\" \/>\n<meta property=\"og:image\" content=\"https:\/\/terveelukeskus.ee\/wp-content\/uploads\/2018\/05\/defaulttek.jpg\" \/>\n\t<meta property=\"og:image:width\" content=\"1600\" \/>\n\t<meta property=\"og:image:height\" content=\"1200\" \/>\n\t<meta property=\"og:image:type\" content=\"image\/jpeg\" \/>\n<meta name=\"twitter:card\" content=\"summary_large_image\" \/>\n<script type=\"application\/ld+json\" class=\"yoast-schema-graph\">{\"@context\":\"https:\\\/\\\/schema.org\",\"@graph\":[{\"@type\":\"WebPage\",\"@id\":\"https:\\\/\\\/terveelukeskus.ee\\\/meie-eesmargid\\\/\",\"url\":\"https:\\\/\\\/terveelukeskus.ee\\\/meie-eesmargid\\\/\",\"name\":\"Meie eesm\u00e4rgid - Terve Elu Keskus\",\"isPartOf\":{\"@id\":\"https:\\\/\\\/terveelukeskus.ee\\\/#website\"},\"primaryImageOfPage\":{\"@id\":\"https:\\\/\\\/terveelukeskus.ee\\\/meie-eesmargid\\\/#primaryimage\"},\"image\":{\"@id\":\"https:\\\/\\\/terveelukeskus.ee\\\/meie-eesmargid\\\/#primaryimage\"},\"thumbnailUrl\":\"https:\\\/\\\/terveelukeskus.ee\\\/wp-content\\\/uploads\\\/2018\\\/05\\\/defaulttek.jpg\",\"datePublished\":\"2017-03-31T05:39:08+00:00\",\"dateModified\":\"2018-04-26T08:34:34+00:00\",\"inLanguage\":\"lv-LV\",\"potentialAction\":[{\"@type\":\"ReadAction\",\"target\":[\"https:\\\/\\\/terveelukeskus.ee\\\/meie-eesmargid\\\/\"]}]},{\"@type\":\"ImageObject\",\"inLanguage\":\"lv-LV\",\"@id\":\"https:\\\/\\\/terveelukeskus.ee\\\/meie-eesmargid\\\/#primaryimage\",\"url\":\"https:\\\/\\\/terveelukeskus.ee\\\/wp-content\\\/uploads\\\/2018\\\/05\\\/defaulttek.jpg\",\"contentUrl\":\"https:\\\/\\\/terveelukeskus.ee\\\/wp-content\\\/uploads\\\/2018\\\/05\\\/defaulttek.jpg\",\"width\":1600,\"height\":1200},{\"@type\":\"WebSite\",\"@id\":\"https:\\\/\\\/terveelukeskus.ee\\\/#website\",\"url\":\"https:\\\/\\\/terveelukeskus.ee\\\/\",\"name\":\"Terve Elu Keskus\",\"description\":\"Terves kehas terve vaim!\",\"publisher\":{\"@id\":\"https:\\\/\\\/terveelukeskus.ee\\\/#organization\"},\"potentialAction\":[{\"@type\":\"SearchAction\",\"target\":{\"@type\":\"EntryPoint\",\"urlTemplate\":\"https:\\\/\\\/terveelukeskus.ee\\\/?s={search_term_string}\"},\"query-input\":{\"@type\":\"PropertyValueSpecification\",\"valueRequired\":true,\"valueName\":\"search_term_string\"}}],\"inLanguage\":\"lv-LV\"},{\"@type\":\"Organization\",\"@id\":\"https:\\\/\\\/terveelukeskus.ee\\\/#organization\",\"name\":\"Terve Elu Keskus\",\"url\":\"https:\\\/\\\/terveelukeskus.ee\\\/\",\"logo\":{\"@type\":\"ImageObject\",\"inLanguage\":\"lv-LV\",\"@id\":\"https:\\\/\\\/terveelukeskus.ee\\\/#\\\/schema\\\/logo\\\/image\\\/\",\"url\":\"https:\\\/\\\/terveelukeskus.ee\\\/wp-content\\\/uploads\\\/2019\\\/09\\\/TEK_logo_v\u00e4rviline.png\",\"contentUrl\":\"https:\\\/\\\/terveelukeskus.ee\\\/wp-content\\\/uploads\\\/2019\\\/09\\\/TEK_logo_v\u00e4rviline.png\",\"width\":3709,\"height\":864,\"caption\":\"Terve Elu Keskus\"},\"image\":{\"@id\":\"https:\\\/\\\/terveelukeskus.ee\\\/#\\\/schema\\\/logo\\\/image\\\/\"},\"sameAs\":[\"https:\\\/\\\/www.facebook.com\\\/terveelukeskus\\\/\"]}]}<\/script>\n<!-- \/ Yoast SEO plugin. -->","yoast_head_json":{"title":"M\u016bsu m\u0113r\u0137i - Vesel\u012bgas dz\u012bves centrs","robots":{"index":"index","follow":"follow","max-snippet":"max-snippet:-1","max-image-preview":"max-image-preview:large","max-video-preview":"max-video-preview:-1"},"canonical":"https:\/\/terveelukeskus.ee\/lv\/musu-merki\/","og_locale":"lv_LV","og_type":"article","og_title":"Meie eesm\u00e4rgid - Terve Elu Keskus","og_description":"Terve Elu keskus on loodud Sind toetama ja abistama, et: Su suhted teiste inimestega, muu hulgas peresuhted, pakuksid sulle r\u00f5\u00f5mu. See n\u00f5uab inimestevahelisest seotusest arusaamist, hoolimist ja pingutust.; Su suhe iseendaga oleks samasugune nagu hea s\u00f5braga ja et Sa v\u00e4\u00e4rtustaksid&hellip;","og_url":"https:\/\/terveelukeskus.ee\/lv\/musu-merki\/","og_site_name":"Terve Elu Keskus","article_publisher":"https:\/\/www.facebook.com\/terveelukeskus\/","article_modified_time":"2018-04-26T08:34:34+00:00","og_image":[{"width":1600,"height":1200,"url":"https:\/\/terveelukeskus.ee\/wp-content\/uploads\/2018\/05\/defaulttek.jpg","type":"image\/jpeg"}],"twitter_card":"summary_large_image","schema":{"@context":"https:\/\/schema.org","@graph":[{"@type":"WebPage","@id":"https:\/\/terveelukeskus.ee\/meie-eesmargid\/","url":"https:\/\/terveelukeskus.ee\/meie-eesmargid\/","name":"M\u016bsu m\u0113r\u0137i - Vesel\u012bgas dz\u012bves centrs","isPartOf":{"@id":"https:\/\/terveelukeskus.ee\/#website"},"primaryImageOfPage":{"@id":"https:\/\/terveelukeskus.ee\/meie-eesmargid\/#primaryimage"},"image":{"@id":"https:\/\/terveelukeskus.ee\/meie-eesmargid\/#primaryimage"},"thumbnailUrl":"https:\/\/terveelukeskus.ee\/wp-content\/uploads\/2018\/05\/defaulttek.jpg","datePublished":"2017-03-31T05:39:08+00:00","dateModified":"2018-04-26T08:34:34+00:00","inLanguage":"lv-LV","potentialAction":[{"@type":"ReadAction","target":["https:\/\/terveelukeskus.ee\/meie-eesmargid\/"]}]},{"@type":"ImageObject","inLanguage":"lv-LV","@id":"https:\/\/terveelukeskus.ee\/meie-eesmargid\/#primaryimage","url":"https:\/\/terveelukeskus.ee\/wp-content\/uploads\/2018\/05\/defaulttek.jpg","contentUrl":"https:\/\/terveelukeskus.ee\/wp-content\/uploads\/2018\/05\/defaulttek.jpg","width":1600,"height":1200},{"@type":"WebSite","@id":"https:\/\/terveelukeskus.ee\/#website","url":"https:\/\/terveelukeskus.ee\/","name":"Vesel\u012bgas dz\u012bves centrs","description":"Vesel\u012bgs pr\u0101ts vesel\u012bg\u0101 \u0137ermen\u012b!","publisher":{"@id":"https:\/\/terveelukeskus.ee\/#organization"},"potentialAction":[{"@type":"SearchAction","target":{"@type":"EntryPoint","urlTemplate":"https:\/\/terveelukeskus.ee\/?s={search_term_string}"},"query-input":{"@type":"PropertyValueSpecification","valueRequired":true,"valueName":"search_term_string"}}],"inLanguage":"lv-LV"},{"@type":"Organization","@id":"https:\/\/terveelukeskus.ee\/#organization","name":"Vesel\u012bgas dz\u012bves centrs","url":"https:\/\/terveelukeskus.ee\/","logo":{"@type":"ImageObject","inLanguage":"lv-LV","@id":"https:\/\/terveelukeskus.ee\/#\/schema\/logo\/image\/","url":"https:\/\/terveelukeskus.ee\/wp-content\/uploads\/2019\/09\/TEK_logo_v\u00e4rviline.png","contentUrl":"https:\/\/terveelukeskus.ee\/wp-content\/uploads\/2019\/09\/TEK_logo_v\u00e4rviline.png","width":3709,"height":864,"caption":"Terve Elu Keskus"},"image":{"@id":"https:\/\/terveelukeskus.ee\/#\/schema\/logo\/image\/"},"sameAs":["https:\/\/www.facebook.com\/terveelukeskus\/"]}]}},"_links":{"self":[{"href":"https:\/\/terveelukeskus.ee\/lv\/wp-json\/wp\/v2\/pages\/447","targetHints":{"allow":["GET"]}}],"collection":[{"href":"https:\/\/terveelukeskus.ee\/lv\/wp-json\/wp\/v2\/pages"}],"about":[{"href":"https:\/\/terveelukeskus.ee\/lv\/wp-json\/wp\/v2\/types\/page"}],"author":[{"embeddable":true,"href":"https:\/\/terveelukeskus.ee\/lv\/wp-json\/wp\/v2\/users\/16"}],"replies":[{"embeddable":true,"href":"https:\/\/terveelukeskus.ee\/lv\/wp-json\/wp\/v2\/comments?post=447"}],"version-history":[{"count":3,"href":"https:\/\/terveelukeskus.ee\/lv\/wp-json\/wp\/v2\/pages\/447\/revisions"}],"predecessor-version":[{"id":999,"href":"https:\/\/terveelukeskus.ee\/lv\/wp-json\/wp\/v2\/pages\/447\/revisions\/999"}],"wp:featuredmedia":[{"embeddable":true,"href":"https:\/\/terveelukeskus.ee\/lv\/wp-json\/wp\/v2\/media\/1116"}],"wp:attachment":[{"href":"https:\/\/terveelukeskus.ee\/lv\/wp-json\/wp\/v2\/media?parent=447"}],"curies":[{"name":"wp","href":"https:\/\/api.w.org\/{rel}","templated":true}]}}