{"id":4889,"date":"2025-10-02T15:51:27","date_gmt":"2025-10-02T12:51:27","guid":{"rendered":"https:\/\/terveelukeskus.ee\/?page_id=4889"},"modified":"2026-03-30T10:52:54","modified_gmt":"2026-03-30T07:52:54","slug":"\u043a\u043e\u043d\u0442\u0430\u043a\u0442","status":"publish","type":"page","link":"https:\/\/terveelukeskus.ee\/ru\/\u043a\u043e\u043d\u0442\u0430\u043a\u0442\/","title":{"rendered":"\u041a\u043e\u043d\u0442\u0430\u043a\u0442"},"content":{"rendered":"<div class=\"vc_row wpb_row vc_row-fluid\"><div class=\"wpb_column vc_column_container vc_col-sm-6\"><div class=\"vc_column-inner\"><div class=\"wpb_wrapper\">\n\t<div class=\"wpb_text_column wpb_content_element  vc_custom_1774857170307\" >\n\t\t<div class=\"wpb_wrapper\">\n\t\t\t<h3>\u0421\u0432\u044f\u0437\u0430\u0442\u044c\u0441\u044f \u0441 \u043d\u0430\u043c\u0438<\/h3>\n<p>\u041d\u0430\u043f\u0438\u0448\u0438\u0442\u0435 \u043d\u0430\u043c \u0438 \u0440\u0430\u0441\u0441\u043a\u0430\u0436\u0438\u0442\u0435 \u043e \u0441\u0432\u043e\u0438\u0445 \u043f\u0440\u043e\u0431\u043b\u0435\u043c\u0430\u0445. \u041c\u044b \u043f\u0440\u0435\u0434\u043b\u0430\u0433\u0430\u0435\u043c \u0443\u0441\u043b\u0443\u0433\u0438 \u043a\u043e\u043d\u0441\u0443\u043b\u044c\u0442\u0438\u0440\u043e\u0432\u0430\u043d\u0438\u044f \u0438 \u0434\u0443\u0445\u043e\u0432\u043d\u043e\u0439 \u043f\u043e\u043c\u043e\u0449\u0438.<\/p>\n<h2><a href=\"mailto:tere@terveelukeskus.ee\">hello@terveelukeskus.ee<\/a><\/h2>\n\n\t\t<\/div>\n\t<\/div>\n<div class=\"vcex-multi-buttons vcex-clr\" style=\"text-align:left;border-radius:5px;\"><a href=\"https:\/\/terveelukeskus.ee\/ru\/\u043e-\u043d\u0430\u0441\/\" class=\"theme-button flat vcex-count-1\">\u041e \u043d\u0430\u0441<\/a><a href=\"https:\/\/terveelukeskus.ee\/ru\/\u043e-\u043d\u0430\u0441\/\" class=\"theme-button flat vcex-count-2\">\u041d\u0430\u0448\u0438 \u0441\u043e\u0442\u0440\u0443\u0434\u043d\u0438\u043a\u0438<\/a><a href=\"https:\/\/terveelukeskus.ee\/ru\/\u043f\u0440\u043e\u0438\u0437\u0432\u043e\u0434\u0438\u0442\u0435\u043b\u0438\/\u043c\u0430\u0440\u0434\u0436-\u0440\u0430\u043d\u0434\u0435\u043b\u043f\u043f\/\" class=\"theme-button flat vcex-count-3\">\u0420\u0435\u0441\u043f\u0438\u0440\u0430\u0442\u043e\u0440\u043d\u0430\u044f \u043f\u043e\u043c\u043e\u0449\u044c<\/a><\/div><\/div><\/div><\/div><div class=\"wpb_column vc_column_container vc_col-sm-6\"><div class=\"vc_column-inner\"><div class=\"wpb_wrapper\">\n\t<div class=\"wpb_text_column wpb_content_element  vc_custom_1759411672883\" >\n\t\t<div class=\"wpb_wrapper\">\n\t\t\t<h3>\u041d\u0430\u043f\u0438\u0448\u0438\u0442\u0435 \u043d\u0430\u043c<\/h3>\n\n\t\t<\/div>\n\t<\/div>\n<div class=\"vcex-shortcode clr\">\n<div class=\"wpcf7 no-js\" id=\"wpcf7-f2140-o1\" lang=\"et\" dir=\"ltr\" data-wpcf7-id=\"2140\">\n<div class=\"screen-reader-response\"><p role=\"status\" aria-live=\"polite\" aria-atomic=\"true\"><\/p> <ul><\/ul><\/div>\n<form action=\"\/ru\/wp-json\/wp\/v2\/pages\/4889#wpcf7-f2140-o1\" method=\"post\" class=\"wpcf7-form init\" aria-label=\"Contact form\" novalidate=\"novalidate\" data-status=\"init\" data-trp-original-action=\"\/ru\/wp-json\/wp\/v2\/pages\/4889#wpcf7-f2140-o1\">\n<fieldset class=\"hidden-fields-container\"><input type=\"hidden\" name=\"_wpcf7\" value=\"2140\" \/><input type=\"hidden\" name=\"_wpcf7_version\" value=\"6.1.5\" \/><input type=\"hidden\" name=\"_wpcf7_locale\" value=\"et\" \/><input type=\"hidden\" name=\"_wpcf7_unit_tag\" value=\"wpcf7-f2140-o1\" \/><input type=\"hidden\" name=\"_wpcf7_container_post\" value=\"0\" \/><input type=\"hidden\" name=\"_wpcf7_posted_data_hash\" value=\"\" \/><input type=\"hidden\" name=\"_wpcf7_recaptcha_response\" value=\"\" \/>\n<\/fieldset>\n<p><label> \u0418\u043c\u044f<br \/>\n<span class=\"wpcf7-form-control-wrap\" data-name=\"your-name\"><input size=\"40\" maxlength=\"400\" class=\"wpcf7-form-control wpcf7-text wpcf7-validates-as-required\" aria-required=\"true\" aria-invalid=\"false\" value=\"\" type=\"text\" name=\"your-name\" \/><\/span> <\/label>\n<\/p>\n<p><label> \u042d\u043b\u0435\u043a\u0442\u0440\u043e\u043d\u043d\u0430\u044f \u043f\u043e\u0447\u0442\u0430<br \/>\n<span class=\"wpcf7-form-control-wrap\" data-name=\"your-email\"><input size=\"40\" maxlength=\"400\" class=\"wpcf7-form-control wpcf7-email wpcf7-validates-as-required wpcf7-text wpcf7-validates-as-email\" aria-required=\"true\" aria-invalid=\"false\" value=\"\" type=\"email\" name=\"your-email\" \/><\/span> <\/label>\n<\/p>\n<p><label> \u0421\u043e\u043e\u0431\u0449\u0435\u043d\u0438\u0435<br \/>\n<span class=\"wpcf7-form-control-wrap\" data-name=\"your-message\"><textarea cols=\"40\" rows=\"10\" maxlength=\"2000\" class=\"wpcf7-form-control wpcf7-textarea wpcf7-validates-as-required\" aria-required=\"true\" aria-invalid=\"false\" name=\"your-message\"><\/textarea><\/span> <\/label>\n<\/p>\n<p><input class=\"wpcf7-form-control wpcf7-submit has-spinner\" type=\"submit\" value=\"\u041e\u0442\u043f\u0440\u0430\u0432\u0438\u0442\u044c \u0441\u043e\u043e\u0431\u0449\u0435\u043d\u0438\u0435\" \/>\n<\/p><div class=\"wpcf7-response-output\" aria-hidden=\"true\"><\/div>\n<input type=\"hidden\" name=\"trp-form-language\" value=\"ru\"\/><\/form>\n<\/div>\n<\/div><\/div><\/div><\/div><\/div>","protected":false},"excerpt":{"rendered":"V\u00f5ta \u00fchendust Kirjuta meile ja r\u00e4\u00e4gi oma murest. Teenustena pakume n\u00f5ustamist ja hingehoidu. tere@terveelukeskus.ee MeistMeie t\u00f6\u00f6tajadHingehoid Kirjuta meile Nimi E-mail S\u00f5num","protected":false},"author":16,"featured_media":1116,"parent":0,"menu_order":0,"comment_status":"closed","ping_status":"closed","template":"","meta":{"_acf_changed":false,"footnotes":""},"class_list":["post-4889","page","type-page","status-publish","has-post-thumbnail","hentry","entry","has-media"],"acf":[],"yoast_head":"<!-- This site is optimized with the Yoast SEO plugin v26.8 - https:\/\/yoast.com\/product\/yoast-seo-wordpress\/ -->\n<title>Kontakt - Terve Elu Keskus<\/title>\n<meta name=\"robots\" content=\"index, follow, max-snippet:-1, max-image-preview:large, max-video-preview:-1\" \/>\n<link rel=\"canonical\" href=\"https:\/\/terveelukeskus.ee\/ru\/\u043a\u043e\u043d\u0442\u0430\u043a\u0442\/\" \/>\n<meta property=\"og:locale\" content=\"ru_RU\" \/>\n<meta property=\"og:type\" content=\"article\" \/>\n<meta property=\"og:title\" content=\"Kontakt - Terve Elu Keskus\" \/>\n<meta property=\"og:url\" content=\"https:\/\/terveelukeskus.ee\/ru\/\u043a\u043e\u043d\u0442\u0430\u043a\u0442\/\" \/>\n<meta property=\"og:site_name\" content=\"Terve Elu Keskus\" \/>\n<meta property=\"article:publisher\" content=\"https:\/\/www.facebook.com\/terveelukeskus\/\" \/>\n<meta property=\"article:modified_time\" content=\"2026-03-30T07:52:54+00:00\" \/>\n<meta property=\"og:image\" content=\"https:\/\/terveelukeskus.ee\/wp-content\/uploads\/2018\/05\/defaulttek.jpg\" \/>\n\t<meta property=\"og:image:width\" content=\"1600\" \/>\n\t<meta property=\"og:image:height\" content=\"1200\" \/>\n\t<meta property=\"og:image:type\" content=\"image\/jpeg\" \/>\n<meta name=\"twitter:card\" content=\"summary_large_image\" \/>\n<meta name=\"twitter:label1\" content=\"\u041f\u0440\u0438\u043c\u0435\u0440\u043d\u043e\u0435 \u0432\u0440\u0435\u043c\u044f \u0434\u043b\u044f \u0447\u0442\u0435\u043d\u0438\u044f\" \/>\n\t<meta name=\"twitter:data1\" content=\"1 \u043c\u0438\u043d\u0443\u0442\u0430\" \/>\n<script type=\"application\/ld+json\" class=\"yoast-schema-graph\">{\"@context\":\"https:\/\/schema.org\",\"@graph\":[{\"@type\":\"WebPage\",\"@id\":\"https:\/\/terveelukeskus.ee\/kontakt\/\",\"url\":\"https:\/\/terveelukeskus.ee\/kontakt\/\",\"name\":\"Kontakt - Terve Elu Keskus\",\"isPartOf\":{\"@id\":\"https:\/\/terveelukeskus.ee\/#website\"},\"primaryImageOfPage\":{\"@id\":\"https:\/\/terveelukeskus.ee\/kontakt\/#primaryimage\"},\"image\":{\"@id\":\"https:\/\/terveelukeskus.ee\/kontakt\/#primaryimage\"},\"thumbnailUrl\":\"https:\/\/terveelukeskus.ee\/wp-content\/uploads\/2018\/05\/defaulttek.jpg\",\"datePublished\":\"2025-10-02T12:51:27+00:00\",\"dateModified\":\"2026-03-30T07:52:54+00:00\",\"inLanguage\":\"ru-RU\",\"potentialAction\":[{\"@type\":\"ReadAction\",\"target\":[\"https:\/\/terveelukeskus.ee\/kontakt\/\"]}]},{\"@type\":\"ImageObject\",\"inLanguage\":\"ru-RU\",\"@id\":\"https:\/\/terveelukeskus.ee\/kontakt\/#primaryimage\",\"url\":\"https:\/\/terveelukeskus.ee\/wp-content\/uploads\/2018\/05\/defaulttek.jpg\",\"contentUrl\":\"https:\/\/terveelukeskus.ee\/wp-content\/uploads\/2018\/05\/defaulttek.jpg\",\"width\":1600,\"height\":1200},{\"@type\":\"WebSite\",\"@id\":\"https:\/\/terveelukeskus.ee\/#website\",\"url\":\"https:\/\/terveelukeskus.ee\/\",\"name\":\"Terve Elu Keskus\",\"description\":\"Terves kehas terve vaim!\",\"publisher\":{\"@id\":\"https:\/\/terveelukeskus.ee\/#organization\"},\"potentialAction\":[{\"@type\":\"SearchAction\",\"target\":{\"@type\":\"EntryPoint\",\"urlTemplate\":\"https:\/\/terveelukeskus.ee\/?s={search_term_string}\"},\"query-input\":{\"@type\":\"PropertyValueSpecification\",\"valueRequired\":true,\"valueName\":\"search_term_string\"}}],\"inLanguage\":\"ru-RU\"},{\"@type\":\"Organization\",\"@id\":\"https:\/\/terveelukeskus.ee\/#organization\",\"name\":\"Terve Elu Keskus\",\"url\":\"https:\/\/terveelukeskus.ee\/\",\"logo\":{\"@type\":\"ImageObject\",\"inLanguage\":\"ru-RU\",\"@id\":\"https:\/\/terveelukeskus.ee\/#\/schema\/logo\/image\/\",\"url\":\"https:\/\/terveelukeskus.ee\/wp-content\/uploads\/2019\/09\/TEK_logo_v\u00e4rviline.png\",\"contentUrl\":\"https:\/\/terveelukeskus.ee\/wp-content\/uploads\/2019\/09\/TEK_logo_v\u00e4rviline.png\",\"width\":3709,\"height\":864,\"caption\":\"Terve Elu Keskus\"},\"image\":{\"@id\":\"https:\/\/terveelukeskus.ee\/#\/schema\/logo\/image\/\"},\"sameAs\":[\"https:\/\/www.facebook.com\/terveelukeskus\/\"]}]}<\/script>\n<!-- \/ Yoast SEO plugin. -->","yoast_head_json":{"title":"\u041a\u043e\u043d\u0442\u0430\u043a\u0442\u044b - \u0426\u0435\u043d\u0442\u0440 \u0437\u0434\u043e\u0440\u043e\u0432\u043e\u0433\u043e \u043e\u0431\u0440\u0430\u0437\u0430 \u0436\u0438\u0437\u043d\u0438","robots":{"index":"index","follow":"follow","max-snippet":"max-snippet:-1","max-image-preview":"max-image-preview:large","max-video-preview":"max-video-preview:-1"},"canonical":"https:\/\/terveelukeskus.ee\/ru\/\u043a\u043e\u043d\u0442\u0430\u043a\u0442\/","og_locale":"ru_RU","og_type":"article","og_title":"Kontakt - Terve Elu Keskus","og_url":"https:\/\/terveelukeskus.ee\/ru\/\u043a\u043e\u043d\u0442\u0430\u043a\u0442\/","og_site_name":"Terve Elu Keskus","article_publisher":"https:\/\/www.facebook.com\/terveelukeskus\/","article_modified_time":"2026-03-30T07:52:54+00:00","og_image":[{"width":1600,"height":1200,"url":"https:\/\/terveelukeskus.ee\/wp-content\/uploads\/2018\/05\/defaulttek.jpg","type":"image\/jpeg"}],"twitter_card":"summary_large_image","twitter_misc":{"\u041f\u0440\u0438\u043c\u0435\u0440\u043d\u043e\u0435 \u0432\u0440\u0435\u043c\u044f \u0434\u043b\u044f \u0447\u0442\u0435\u043d\u0438\u044f":"1 \u043c\u0438\u043d\u0443\u0442\u0430"},"schema":{"@context":"https:\/\/schema.org","@graph":[{"@type":"WebPage","@id":"https:\/\/terveelukeskus.ee\/kontakt\/","url":"https:\/\/terveelukeskus.ee\/kontakt\/","name":"\u041a\u043e\u043d\u0442\u0430\u043a\u0442\u044b - \u0426\u0435\u043d\u0442\u0440 \u0437\u0434\u043e\u0440\u043e\u0432\u043e\u0433\u043e \u043e\u0431\u0440\u0430\u0437\u0430 \u0436\u0438\u0437\u043d\u0438","isPartOf":{"@id":"https:\/\/terveelukeskus.ee\/#website"},"primaryImageOfPage":{"@id":"https:\/\/terveelukeskus.ee\/kontakt\/#primaryimage"},"image":{"@id":"https:\/\/terveelukeskus.ee\/kontakt\/#primaryimage"},"thumbnailUrl":"https:\/\/terveelukeskus.ee\/wp-content\/uploads\/2018\/05\/defaulttek.jpg","datePublished":"2025-10-02T12:51:27+00:00","dateModified":"2026-03-30T07:52:54+00:00","inLanguage":"ru-RU","potentialAction":[{"@type":"ReadAction","target":["https:\/\/terveelukeskus.ee\/kontakt\/"]}]},{"@type":"ImageObject","inLanguage":"ru-RU","@id":"https:\/\/terveelukeskus.ee\/kontakt\/#primaryimage","url":"https:\/\/terveelukeskus.ee\/wp-content\/uploads\/2018\/05\/defaulttek.jpg","contentUrl":"https:\/\/terveelukeskus.ee\/wp-content\/uploads\/2018\/05\/defaulttek.jpg","width":1600,"height":1200},{"@type":"WebSite","@id":"https:\/\/terveelukeskus.ee\/#website","url":"https:\/\/terveelukeskus.ee\/","name":"\u0426\u0435\u043d\u0442\u0440 \u0437\u0434\u043e\u0440\u043e\u0432\u043e\u0433\u043e \u043e\u0431\u0440\u0430\u0437\u0430 \u0436\u0438\u0437\u043d\u0438","description":"\u0412 \u0437\u0434\u043e\u0440\u043e\u0432\u043e\u043c \u0442\u0435\u043b\u0435 \u2013 \u0437\u0434\u043e\u0440\u043e\u0432\u044b\u0439 \u0434\u0443\u0445!","publisher":{"@id":"https:\/\/terveelukeskus.ee\/#organization"},"potentialAction":[{"@type":"SearchAction","target":{"@type":"EntryPoint","urlTemplate":"https:\/\/terveelukeskus.ee\/?s={search_term_string}"},"query-input":{"@type":"PropertyValueSpecification","valueRequired":true,"valueName":"search_term_string"}}],"inLanguage":"ru-RU"},{"@type":"Organization","@id":"https:\/\/terveelukeskus.ee\/#organization","name":"\u0426\u0435\u043d\u0442\u0440 \u0437\u0434\u043e\u0440\u043e\u0432\u043e\u0433\u043e \u043e\u0431\u0440\u0430\u0437\u0430 \u0436\u0438\u0437\u043d\u0438","url":"https:\/\/terveelukeskus.ee\/","logo":{"@type":"ImageObject","inLanguage":"ru-RU","@id":"https:\/\/terveelukeskus.ee\/#\/schema\/logo\/image\/","url":"https:\/\/terveelukeskus.ee\/wp-content\/uploads\/2019\/09\/TEK_logo_v\u00e4rviline.png","contentUrl":"https:\/\/terveelukeskus.ee\/wp-content\/uploads\/2019\/09\/TEK_logo_v\u00e4rviline.png","width":3709,"height":864,"caption":"Terve Elu Keskus"},"image":{"@id":"https:\/\/terveelukeskus.ee\/#\/schema\/logo\/image\/"},"sameAs":["https:\/\/www.facebook.com\/terveelukeskus\/"]}]}},"_links":{"self":[{"href":"https:\/\/terveelukeskus.ee\/ru\/wp-json\/wp\/v2\/pages\/4889","targetHints":{"allow":["GET"]}}],"collection":[{"href":"https:\/\/terveelukeskus.ee\/ru\/wp-json\/wp\/v2\/pages"}],"about":[{"href":"https:\/\/terveelukeskus.ee\/ru\/wp-json\/wp\/v2\/types\/page"}],"author":[{"embeddable":true,"href":"https:\/\/terveelukeskus.ee\/ru\/wp-json\/wp\/v2\/users\/16"}],"replies":[{"embeddable":true,"href":"https:\/\/terveelukeskus.ee\/ru\/wp-json\/wp\/v2\/comments?post=4889"}],"version-history":[{"count":5,"href":"https:\/\/terveelukeskus.ee\/ru\/wp-json\/wp\/v2\/pages\/4889\/revisions"}],"predecessor-version":[{"id":5071,"href":"https:\/\/terveelukeskus.ee\/ru\/wp-json\/wp\/v2\/pages\/4889\/revisions\/5071"}],"wp:featuredmedia":[{"embeddable":true,"href":"https:\/\/terveelukeskus.ee\/ru\/wp-json\/wp\/v2\/media\/1116"}],"wp:attachment":[{"href":"https:\/\/terveelukeskus.ee\/ru\/wp-json\/wp\/v2\/media?parent=4889"}],"curies":[{"name":"WP","href":"https:\/\/api.w.org\/{rel}","templated":true}]}}